{"id":24,"date":"2024-01-31T12:52:01","date_gmt":"2024-01-31T12:52:01","guid":{"rendered":"https:\/\/myblog-pic1sw0fj6.live-website.com\/?page_id=24"},"modified":"2025-04-24T12:22:58","modified_gmt":"2025-04-24T10:22:58","slug":"blog-de-actualidades","status":"publish","type":"page","link":"https:\/\/www.ellysium.es\/en\/blog-de-actualidades\/","title":{"rendered":"Current affairs blog"},"content":{"rendered":"<p>Our publications about the international scene and topics of relevance to international trade.<\/p>\n\n\n\n<div class=\"wp-block-query is-layout-flow wp-block-query-is-layout-flow\"><ul class=\"wp-block-post-template is-layout-flow wp-block-post-template-is-layout-flow\"><li class=\"wp-block-post post-565 post type-post status-publish format-standard has-post-thumbnail hentry category-actualidades tag-asia tag-conflicto tag-geopolitica tag-india tag-pakistan tag-religion\">\n\n<div class=\"wp-block-columns are-vertically-aligned-center is-layout-flex wp-container-core-columns-is-layout-28f84493 wp-block-columns-is-layout-flex\">\n<div class=\"wp-block-column is-vertically-aligned-center is-layout-flow wp-block-column-is-layout-flow\" style=\"flex-basis:25%\"><figure class=\"wp-block-post-featured-image wp-duotone-111111-8acfac-1\"><a href=\"https:\/\/www.ellysium.es\/en\/2025\/06\/10\/relaciones-rotas-y-corredores-cerrados-india-y-pakistan-en-un-punto-de-quiebre\/\" target=\"_self\"  ><img loading=\"lazy\" decoding=\"async\" width=\"612\" height=\"343\" src=\"https:\/\/www.ellysium.es\/wp-content\/uploads\/2025\/06\/India-y-pakistan.jpeg\" class=\"attachment-post-thumbnail size-post-thumbnail wp-post-image\" alt=\"Relaciones rotas y corredores cerrados: India y Pakist\u00e1n en un punto de quiebre\" style=\"object-fit:cover;\" srcset=\"https:\/\/www.ellysium.es\/wp-content\/uploads\/2025\/06\/India-y-pakistan.jpeg 612w, https:\/\/www.ellysium.es\/wp-content\/uploads\/2025\/06\/India-y-pakistan-300x168.jpeg 300w, https:\/\/www.ellysium.es\/wp-content\/uploads\/2025\/06\/India-y-pakistan-18x10.jpeg 18w\" sizes=\"auto, (max-width: 612px) 100vw, 612px\" \/><\/a><\/figure><\/div>\n\n\n\n<div class=\"wp-block-column is-vertically-aligned-center is-layout-flow wp-block-column-is-layout-flow\" style=\"flex-basis:75%\"><h2 class=\"wp-block-post-title has-heading-font-family\"><a href=\"https:\/\/www.ellysium.es\/en\/2025\/06\/10\/relaciones-rotas-y-corredores-cerrados-india-y-pakistan-en-un-punto-de-quiebre\/\" target=\"_self\" >Relaciones rotas y corredores cerrados: India y Pakist\u00e1n en un punto de quiebre<\/a><\/h2><\/div>\n<\/div>\n\n<\/li><li class=\"wp-block-post post-556 post type-post status-publish format-standard has-post-thumbnail hentry category-actualidades tag-aranceles tag-china tag-espana tag-geopolitica\">\n\n<div class=\"wp-block-columns are-vertically-aligned-center is-layout-flex wp-container-core-columns-is-layout-28f84493 wp-block-columns-is-layout-flex\">\n<div class=\"wp-block-column is-vertically-aligned-center is-layout-flow wp-block-column-is-layout-flow\" style=\"flex-basis:25%\"><figure class=\"wp-block-post-featured-image wp-duotone-111111-8acfac-2\"><a href=\"https:\/\/www.ellysium.es\/en\/2025\/05\/11\/mas-alla-de-bruselas-y-washington-el-giro-asiatico-de-la-politica-exterior-espanola\/\" target=\"_self\"  ><img loading=\"lazy\" decoding=\"async\" width=\"1200\" height=\"900\" src=\"https:\/\/www.ellysium.es\/wp-content\/uploads\/2025\/05\/imagen-china-y-Espana.png\" class=\"attachment-post-thumbnail size-post-thumbnail wp-post-image\" alt=\"M\u00e1s all\u00e1 de Bruselas y Washington D.C : el giro asi\u00e1tico de la pol\u00edtica exterior espa\u00f1ola\" style=\"object-fit:cover;\" srcset=\"https:\/\/www.ellysium.es\/wp-content\/uploads\/2025\/05\/imagen-china-y-Espana.png 1200w, https:\/\/www.ellysium.es\/wp-content\/uploads\/2025\/05\/imagen-china-y-Espana-300x225.png 300w, https:\/\/www.ellysium.es\/wp-content\/uploads\/2025\/05\/imagen-china-y-Espana-1024x768.png 1024w, https:\/\/www.ellysium.es\/wp-content\/uploads\/2025\/05\/imagen-china-y-Espana-768x576.png 768w, https:\/\/www.ellysium.es\/wp-content\/uploads\/2025\/05\/imagen-china-y-Espana-16x12.png 16w\" sizes=\"auto, (max-width: 1200px) 100vw, 1200px\" \/><\/a><\/figure><\/div>\n\n\n\n<div class=\"wp-block-column is-vertically-aligned-center is-layout-flow wp-block-column-is-layout-flow\" style=\"flex-basis:75%\"><h2 class=\"wp-block-post-title has-heading-font-family\"><a href=\"https:\/\/www.ellysium.es\/en\/2025\/05\/11\/mas-alla-de-bruselas-y-washington-el-giro-asiatico-de-la-politica-exterior-espanola\/\" target=\"_self\" >M\u00e1s all\u00e1 de Bruselas y Washington D.C : el giro asi\u00e1tico de la pol\u00edtica exterior espa\u00f1ola<\/a><\/h2><\/div>\n<\/div>\n\n<\/li><li class=\"wp-block-post post-544 post type-post status-publish format-standard hentry category-actualidades tag-china tag-comercio-maritimo tag-economia tag-estados-unidos-de-america tag-geopolitica tag-guerra-comercial tag-panama\">\n\n<div class=\"wp-block-columns are-vertically-aligned-center is-layout-flex wp-container-core-columns-is-layout-28f84493 wp-block-columns-is-layout-flex\">\n<div class=\"wp-block-column is-vertically-aligned-center is-layout-flow wp-block-column-is-layout-flow\" style=\"flex-basis:25%\"><\/div>\n\n\n\n<div class=\"wp-block-column is-vertically-aligned-center is-layout-flow wp-block-column-is-layout-flow\" style=\"flex-basis:75%\"><h2 class=\"wp-block-post-title has-heading-font-family\"><a href=\"https:\/\/www.ellysium.es\/en\/2025\/05\/04\/el-canal-de-panama-en-la-mira-las-crecientes-tensiones-entreee-uu-y-china-y-el-avance-del-poder-de-washington\/\" target=\"_self\" >El Canal de Panam\u00e1 en la mira: Las crecientes tensiones entre EE.UU. y China con el avance del poder de Washington<\/a><\/h2><\/div>\n<\/div>\n\n<\/li><\/ul><\/div>\n\n\n\n<p><\/p>","protected":false},"excerpt":{"rendered":"<p>Our publications about the international scene and topics of relevance to international trade.<\/p>","protected":false},"author":2,"featured_media":0,"parent":0,"menu_order":0,"comment_status":"closed","ping_status":"closed","template":"","meta":{"footnotes":""},"class_list":["post-24","page","type-page","status-publish","hentry"],"_links":{"self":[{"href":"https:\/\/www.ellysium.es\/en\/wp-json\/wp\/v2\/pages\/24","targetHints":{"allow":["GET"]}}],"collection":[{"href":"https:\/\/www.ellysium.es\/en\/wp-json\/wp\/v2\/pages"}],"about":[{"href":"https:\/\/www.ellysium.es\/en\/wp-json\/wp\/v2\/types\/page"}],"author":[{"embeddable":true,"href":"https:\/\/www.ellysium.es\/en\/wp-json\/wp\/v2\/users\/2"}],"replies":[{"embeddable":true,"href":"https:\/\/www.ellysium.es\/en\/wp-json\/wp\/v2\/comments?post=24"}],"version-history":[{"count":25,"href":"https:\/\/www.ellysium.es\/en\/wp-json\/wp\/v2\/pages\/24\/revisions"}],"predecessor-version":[{"id":538,"href":"https:\/\/www.ellysium.es\/en\/wp-json\/wp\/v2\/pages\/24\/revisions\/538"}],"wp:attachment":[{"href":"https:\/\/www.ellysium.es\/en\/wp-json\/wp\/v2\/media?parent=24"}],"curies":[{"name":"wp","href":"https:\/\/api.w.org\/{rel}","templated":true}]}}