{"id":17,"date":"2024-01-12T19:27:47","date_gmt":"2024-01-12T18:27:47","guid":{"rendered":"http:\/\/localhost\/blog\/?page_id=2"},"modified":"2025-04-13T02:53:19","modified_gmt":"2025-04-13T00:53:19","slug":"sobre-nosotros","status":"publish","type":"page","link":"https:\/\/www.ellysium.es\/en\/sobre-nosotros\/","title":{"rendered":"About Us"},"content":{"rendered":"<p class=\"has-text-align-left\">Ellysium is a Junior Enterprise founded and developed by students from the Autonomous University of Madrid. It is formed as an international consultancy and our goal is to offer excellent services at an affordable price. While looking for the best solutions for clients, students develop their skills, putting their knowledge into practice.<\/p>\n\n\n\n<div class=\"wp-block-columns is-layout-flex wp-container-core-columns-is-layout-28f84493 wp-block-columns-is-layout-flex\">\n<div class=\"wp-block-column is-layout-flow wp-block-column-is-layout-flow\" style=\"flex-basis:100%\">\n<div class=\"wp-block-cover is-light\"><span aria-hidden=\"true\" class=\"wp-block-cover__background has-background-dim-10 has-background-dim\"><\/span><div class=\"wp-block-cover__inner-container has-global-padding is-layout-constrained wp-container-core-cover-is-layout-92ef7b19 wp-block-cover-is-layout-constrained\">\n<div class=\"wp-block-group has-global-padding is-layout-constrained wp-block-group-is-layout-constrained\">\n<h3 class=\"wp-block-heading\">Mission<\/h3>\n\n\n\n<p>At Ellysium International Consulting, we believe that the best way to learn is by doing. Therefore, our mission is to empower students through practical training in a real-world professional environment. To achieve this, we aim to:<\/p>\n\n\n\n<ol class=\"wp-block-list\">\n<li>Provide development opportunities through a \u201clearn by doing\u201d approach<\/li>\n\n\n\n<li>Connect students with companies and institutions through real-world projects<\/li>\n\n\n\n<li>Strengthen key competencies in international consulting, leadership, analysis and communication<\/li>\n<\/ol>\n\n\n\n<p>While delivering strategic, efficient, and accessible solutions to our clients, we train the next generation of professionals committed to excellence, innovation, and social impact.<\/p>\n<\/div>\n<\/div><\/div>\n\n\n\n<div class=\"wp-block-cover is-light\"><span aria-hidden=\"true\" class=\"wp-block-cover__background has-background-dim-10 has-background-dim\"><\/span><div class=\"wp-block-cover__inner-container has-global-padding is-layout-constrained wp-container-core-cover-is-layout-92ef7b19 wp-block-cover-is-layout-constrained\">\n<div class=\"wp-block-group has-global-padding is-layout-constrained wp-block-group-is-layout-constrained\">\n<h3 class=\"wp-block-heading\">Vision<\/h3>\n\n\n\n<p class=\"has-text-align-left\">We aspire to establish ourselves as a leading reference in the Junior Enterprise ecosystem, both nationally and internationally. We aim to bridge the gap between university talent and the needs of the professional world, creating a new generation of global, ethical, and well-prepared consultants.<\/p>\n\n\n\n<p><strong>From Ellysium, we envision a network where:<\/strong><\/p>\n\n\n\n<ul class=\"wp-block-list\">\n<li>The university connects with the labor market in a practical and effective way<\/li>\n\n\n\n<li>Students lead initiatives with real impact in their communities and sectors<\/li>\n\n\n\n<li>Academic knowledge is transformed into innovative solutions<\/li>\n\n\n\n<li>Sustainable development and inclusive internationalization are promoted<\/li>\n<\/ul>\n<\/div>\n<\/div><\/div>\n\n\n\n<div class=\"wp-block-cover is-light\"><span aria-hidden=\"true\" class=\"wp-block-cover__background has-background-dim-10 has-background-dim\"><\/span><div class=\"wp-block-cover__inner-container has-global-padding is-layout-constrained wp-container-core-cover-is-layout-92ef7b19 wp-block-cover-is-layout-constrained\">\n<h3 class=\"wp-block-heading\">Values<\/h3>\n\n\n\n<div class=\"wp-block-columns is-layout-flex wp-container-core-columns-is-layout-28f84493 wp-block-columns-is-layout-flex\">\n<div class=\"wp-block-column is-vertically-aligned-center is-layout-flow wp-block-column-is-layout-flow\">\n<div class=\"wp-block-group is-layout-grid wp-container-core-group-is-layout-478b6e6b wp-block-group-is-layout-grid\">\n<div class=\"wp-block-group is-vertical is-layout-flex wp-container-core-group-is-layout-fe9cc265 wp-block-group-is-layout-flex\">\n<p><strong>Professional Excellence<\/strong><\/p>\n\n\n\n<p>We strive to deliver high-level solutions, combining academic rigor with real-world practices.<\/p>\n<\/div>\n\n\n\n<div class=\"wp-block-group is-vertical is-layout-flex wp-container-core-group-is-layout-fe9cc265 wp-block-group-is-layout-flex\">\n<p><strong>Continuous Learning<\/strong><\/p>\n\n\n\n<p>We believe in constant learning. Every project is an opportunity to grow as professionals and as individuals.<\/p>\n<\/div>\n\n\n\n<div class=\"wp-block-group is-vertical is-layout-flex wp-container-core-group-is-layout-fe9cc265 wp-block-group-is-layout-flex\">\n<p><strong>Social Responsibility<\/strong><\/p>\n\n\n\n<p>We work with an awareness of our surroundings, promoting projects that generate an ethical and sustainable impact.<\/p>\n<\/div>\n\n\n\n<div class=\"wp-block-group is-vertical is-layout-flex wp-container-core-group-is-layout-fe9cc265 wp-block-group-is-layout-flex\">\n<p><strong>Cooperation<\/strong><\/p>\n\n\n\n<p>We foster a team culture based on cooperation, trust and knowledge sharing.<\/p>\n<\/div>\n\n\n\n<p><\/p>\n\n\n\n<div class=\"wp-block-group is-vertical is-layout-flex wp-container-core-group-is-layout-fe9cc265 wp-block-group-is-layout-flex\">\n<p><strong>Adaptability<\/strong><\/p>\n\n\n\n<p>We move with agility in a changing global environment, always ready to reinvent ourselves and respond to new challenges.<\/p>\n<\/div>\n<\/div>\n<\/div>\n<\/div>\n<\/div><\/div>\n<\/div>\n<\/div>\n\n\n\n<div class=\"wp-block-group alignfull is-layout-flow wp-block-group-is-layout-flow\" style=\"margin-top:0;margin-bottom:0;padding-top:var(--wp--preset--spacing--50);padding-right:var(--wp--preset--spacing--50);padding-bottom:var(--wp--preset--spacing--50);padding-left:var(--wp--preset--spacing--50)\">\n<h2 class=\"wp-block-heading has-text-align-center is-style-default has-text-color has-link-color has-xx-large-font-size wp-elements-8bc5955990bdbff85f4921096b0f1771\" style=\"color:#23a56b;font-style:normal;font-weight:700\">Meet our Board of Directors and Co-Founders<\/h2>\n\n\n\n<div class=\"wp-block-columns alignwide is-layout-flex wp-container-core-columns-is-layout-4935966c wp-block-columns-is-layout-flex\" style=\"padding-right:0;padding-left:0\">\n<div class=\"wp-block-column is-layout-flow wp-block-column-is-layout-flow\">\n<figure class=\"wp-block-image size-full is-style-rounded is-style-rounded--1\"><img loading=\"lazy\" decoding=\"async\" width=\"3068\" height=\"3068\" src=\"https:\/\/www.ellysium.es\/wp-content\/uploads\/2025\/03\/4-edited-1.png\" alt=\"\" class=\"wp-image-266\" style=\"aspect-ratio:1;object-fit:cover\" srcset=\"https:\/\/www.ellysium.es\/wp-content\/uploads\/2025\/03\/4-edited-1.png 3068w, https:\/\/www.ellysium.es\/wp-content\/uploads\/2025\/03\/4-edited-1-300x300.png 300w, https:\/\/www.ellysium.es\/wp-content\/uploads\/2025\/03\/4-edited-1-1024x1024.png 1024w, https:\/\/www.ellysium.es\/wp-content\/uploads\/2025\/03\/4-edited-1-150x150.png 150w, https:\/\/www.ellysium.es\/wp-content\/uploads\/2025\/03\/4-edited-1-768x768.png 768w, https:\/\/www.ellysium.es\/wp-content\/uploads\/2025\/03\/4-edited-1-1536x1536.png 1536w, https:\/\/www.ellysium.es\/wp-content\/uploads\/2025\/03\/4-edited-1-2048x2048.png 2048w, https:\/\/www.ellysium.es\/wp-content\/uploads\/2025\/03\/4-edited-1-12x12.png 12w\" sizes=\"auto, (max-width: 3068px) 100vw, 3068px\" \/><\/figure>\n\n\n\n<div class=\"wp-block-group is-vertical is-content-justification-center is-nowrap is-layout-flex wp-container-core-group-is-layout-21d4e958 wp-block-group-is-layout-flex\">\n<p class=\"has-text-align-center has-small-font-size\"><strong>Maria Cec\u00edlia Monsores<\/strong><\/p>\n\n\n\n<p class=\"has-text-align-center has-small-font-size\">President<\/p>\n\n\n\n<figure class=\"wp-block-image aligncenter size-full is-resized\"><a href=\"https:\/\/www.linkedin.com\/in\/maria-cecilia-monsores\"><img loading=\"lazy\" decoding=\"async\" width=\"128\" height=\"128\" src=\"https:\/\/www.ellysium.es\/wp-content\/uploads\/2025\/03\/In-Blue-128.png\" alt=\"\" class=\"wp-image-293\" style=\"width:25px;height:auto\" srcset=\"https:\/\/www.ellysium.es\/wp-content\/uploads\/2025\/03\/In-Blue-128.png 128w, https:\/\/www.ellysium.es\/wp-content\/uploads\/2025\/03\/In-Blue-128-12x12.png 12w\" sizes=\"auto, (max-width: 128px) 100vw, 128px\" \/><\/a><\/figure>\n<\/div>\n<\/div>\n\n\n\n<div class=\"wp-block-column is-layout-flow wp-block-column-is-layout-flow\">\n<figure class=\"wp-block-image size-full is-style-rounded is-style-rounded--2\"><img loading=\"lazy\" decoding=\"async\" width=\"5455\" height=\"3068\" src=\"https:\/\/www.ellysium.es\/wp-content\/uploads\/2025\/03\/6-1-edited.png\" alt=\"\" class=\"wp-image-267\" style=\"aspect-ratio:1;object-fit:cover\" srcset=\"https:\/\/www.ellysium.es\/wp-content\/uploads\/2025\/03\/6-1-edited.png 5455w, https:\/\/www.ellysium.es\/wp-content\/uploads\/2025\/03\/6-1-edited-300x169.png 300w, https:\/\/www.ellysium.es\/wp-content\/uploads\/2025\/03\/6-1-edited-1024x576.png 1024w, https:\/\/www.ellysium.es\/wp-content\/uploads\/2025\/03\/6-1-edited-768x432.png 768w, https:\/\/www.ellysium.es\/wp-content\/uploads\/2025\/03\/6-1-edited-1536x864.png 1536w, https:\/\/www.ellysium.es\/wp-content\/uploads\/2025\/03\/6-1-edited-2048x1152.png 2048w, https:\/\/www.ellysium.es\/wp-content\/uploads\/2025\/03\/6-1-edited-18x10.png 18w\" sizes=\"auto, (max-width: 5455px) 100vw, 5455px\" \/><\/figure>\n\n\n\n<div class=\"wp-block-group is-vertical is-content-justification-center is-nowrap is-layout-flex wp-container-core-group-is-layout-63bfd6c1 wp-block-group-is-layout-flex\">\n<p class=\"has-text-align-center has-small-font-size\"><strong>Daniela D\u00edaz<\/strong><\/p>\n\n\n\n<p class=\"has-text-align-center has-small-font-size\">Vice-President<\/p>\n\n\n\n<p class=\"has-text-align-center has-small-font-size\">Commercial Director<\/p>\n\n\n\n<figure class=\"wp-block-image size-full is-resized\"><a href=\"https:\/\/www.linkedin.com\/in\/danieladsalgado\/\" target=\"_blank\" rel=\" noreferrer noopener\"><img loading=\"lazy\" decoding=\"async\" width=\"128\" height=\"128\" src=\"https:\/\/www.ellysium.es\/wp-content\/uploads\/2025\/03\/In-Blue-128.png\" alt=\"\" class=\"wp-image-293\" style=\"width:25px\" srcset=\"https:\/\/www.ellysium.es\/wp-content\/uploads\/2025\/03\/In-Blue-128.png 128w, https:\/\/www.ellysium.es\/wp-content\/uploads\/2025\/03\/In-Blue-128-12x12.png 12w\" sizes=\"auto, (max-width: 128px) 100vw, 128px\" \/><\/a><\/figure>\n<\/div>\n<\/div>\n\n\n\n<div class=\"wp-block-column is-layout-flow wp-block-column-is-layout-flow\">\n<figure class=\"wp-block-image size-full is-style-rounded is-style-rounded--3\"><img loading=\"lazy\" decoding=\"async\" width=\"6000\" height=\"3375\" src=\"https:\/\/www.ellysium.es\/wp-content\/uploads\/2024\/01\/8.png\" alt=\"\" class=\"wp-image-257\" style=\"aspect-ratio:1;object-fit:cover\" srcset=\"https:\/\/www.ellysium.es\/wp-content\/uploads\/2024\/01\/8.png 6000w, https:\/\/www.ellysium.es\/wp-content\/uploads\/2024\/01\/8-300x169.png 300w, https:\/\/www.ellysium.es\/wp-content\/uploads\/2024\/01\/8-1024x576.png 1024w, https:\/\/www.ellysium.es\/wp-content\/uploads\/2024\/01\/8-768x432.png 768w, https:\/\/www.ellysium.es\/wp-content\/uploads\/2024\/01\/8-1536x864.png 1536w, https:\/\/www.ellysium.es\/wp-content\/uploads\/2024\/01\/8-2048x1152.png 2048w, https:\/\/www.ellysium.es\/wp-content\/uploads\/2024\/01\/8-18x10.png 18w\" sizes=\"auto, (max-width: 6000px) 100vw, 6000px\" \/><\/figure>\n\n\n\n<div class=\"wp-block-group is-vertical is-content-justification-center is-nowrap is-layout-flex wp-container-core-group-is-layout-63bfd6c1 wp-block-group-is-layout-flex\">\n<p class=\"has-text-align-center has-small-font-size\"><strong>Mar\u00eda Teresa Alcaide<\/strong><\/p>\n\n\n\n<p class=\"has-text-align-center has-small-font-size\">Secretary-General<\/p>\n\n\n\n<p class=\"has-text-align-center has-small-font-size\">HR and Administration Director<\/p>\n\n\n\n<figure class=\"wp-block-image size-full is-resized\"><a href=\"https:\/\/www.linkedin.com\/in\/mar%C3%ADa-teresa-alcaide-pinedo-423a31297\/\" target=\"_blank\" rel=\" noreferrer noopener\"><img loading=\"lazy\" decoding=\"async\" width=\"128\" height=\"128\" src=\"https:\/\/www.ellysium.es\/wp-content\/uploads\/2025\/03\/In-Blue-128.png\" alt=\"\" class=\"wp-image-293\" style=\"width:25px;height:auto\" srcset=\"https:\/\/www.ellysium.es\/wp-content\/uploads\/2025\/03\/In-Blue-128.png 128w, https:\/\/www.ellysium.es\/wp-content\/uploads\/2025\/03\/In-Blue-128-12x12.png 12w\" sizes=\"auto, (max-width: 128px) 100vw, 128px\" \/><\/a><\/figure>\n<\/div>\n<\/div>\n\n\n\n<div class=\"wp-block-column is-layout-flow wp-block-column-is-layout-flow\">\n<figure class=\"wp-block-image size-full is-style-rounded is-style-rounded--4\"><img loading=\"lazy\" decoding=\"async\" width=\"6000\" height=\"3375\" src=\"https:\/\/www.ellysium.es\/wp-content\/uploads\/2024\/01\/5.png\" alt=\"\" class=\"wp-image-260\" style=\"aspect-ratio:1;object-fit:cover\" srcset=\"https:\/\/www.ellysium.es\/wp-content\/uploads\/2024\/01\/5.png 6000w, https:\/\/www.ellysium.es\/wp-content\/uploads\/2024\/01\/5-300x169.png 300w, https:\/\/www.ellysium.es\/wp-content\/uploads\/2024\/01\/5-1024x576.png 1024w, https:\/\/www.ellysium.es\/wp-content\/uploads\/2024\/01\/5-768x432.png 768w, https:\/\/www.ellysium.es\/wp-content\/uploads\/2024\/01\/5-1536x864.png 1536w, https:\/\/www.ellysium.es\/wp-content\/uploads\/2024\/01\/5-2048x1152.png 2048w, https:\/\/www.ellysium.es\/wp-content\/uploads\/2024\/01\/5-18x10.png 18w\" sizes=\"auto, (max-width: 6000px) 100vw, 6000px\" \/><\/figure>\n\n\n\n<div class=\"wp-block-group is-vertical is-content-justification-center is-nowrap is-layout-flex wp-container-core-group-is-layout-21d4e958 wp-block-group-is-layout-flex\">\n<p class=\"has-text-align-center has-small-font-size\"><strong>Rodrigo Kaklis<\/strong><\/p>\n\n\n\n<p class=\"has-text-align-center has-small-font-size\">Treasurer<\/p>\n\n\n\n<p class=\"has-text-align-center has-small-font-size\">Financial Director<\/p>\n\n\n\n<figure class=\"wp-block-image size-full is-resized\"><a href=\"https:\/\/www.linkedin.com\/in\/rodrigo-kaklis\/\" target=\"_blank\" rel=\" noreferrer noopener\"><img loading=\"lazy\" decoding=\"async\" width=\"128\" height=\"128\" src=\"https:\/\/www.ellysium.es\/wp-content\/uploads\/2025\/03\/In-Blue-128.png\" alt=\"\" class=\"wp-image-293\" style=\"width:25px\" srcset=\"https:\/\/www.ellysium.es\/wp-content\/uploads\/2025\/03\/In-Blue-128.png 128w, https:\/\/www.ellysium.es\/wp-content\/uploads\/2025\/03\/In-Blue-128-12x12.png 12w\" sizes=\"auto, (max-width: 128px) 100vw, 128px\" \/><\/a><\/figure>\n<\/div>\n<\/div>\n\n\n\n<div class=\"wp-block-column is-layout-flow wp-block-column-is-layout-flow\">\n<figure class=\"wp-block-image size-full is-style-rounded is-style-rounded--5\"><img loading=\"lazy\" decoding=\"async\" width=\"6000\" height=\"3375\" src=\"https:\/\/www.ellysium.es\/wp-content\/uploads\/2024\/01\/7.png\" alt=\"\" class=\"wp-image-258\" style=\"aspect-ratio:1;object-fit:cover\" srcset=\"https:\/\/www.ellysium.es\/wp-content\/uploads\/2024\/01\/7.png 6000w, https:\/\/www.ellysium.es\/wp-content\/uploads\/2024\/01\/7-300x169.png 300w, https:\/\/www.ellysium.es\/wp-content\/uploads\/2024\/01\/7-1024x576.png 1024w, https:\/\/www.ellysium.es\/wp-content\/uploads\/2024\/01\/7-768x432.png 768w, https:\/\/www.ellysium.es\/wp-content\/uploads\/2024\/01\/7-1536x864.png 1536w, https:\/\/www.ellysium.es\/wp-content\/uploads\/2024\/01\/7-2048x1152.png 2048w, https:\/\/www.ellysium.es\/wp-content\/uploads\/2024\/01\/7-18x10.png 18w\" sizes=\"auto, (max-width: 6000px) 100vw, 6000px\" \/><\/figure>\n\n\n\n<div class=\"wp-block-group is-vertical is-content-justification-center is-nowrap is-layout-flex wp-container-core-group-is-layout-21d4e958 wp-block-group-is-layout-flex\">\n<p class=\"has-text-align-center has-small-font-size\"><strong>Daniel Salda\u00f1a<\/strong><\/p>\n\n\n\n<p class=\"has-text-align-center has-small-font-size\">Communication and Marketing Director<\/p>\n\n\n\n<figure class=\"wp-block-image size-full is-resized\"><a href=\"https:\/\/www.linkedin.com\/in\/daniel-salda%C3%B1a-oca%C3%B1a\/\" target=\"_blank\" rel=\" noreferrer noopener\"><img loading=\"lazy\" decoding=\"async\" width=\"128\" height=\"128\" src=\"https:\/\/www.ellysium.es\/wp-content\/uploads\/2025\/03\/In-Blue-128.png\" alt=\"\" class=\"wp-image-293\" style=\"width:25px\" srcset=\"https:\/\/www.ellysium.es\/wp-content\/uploads\/2025\/03\/In-Blue-128.png 128w, https:\/\/www.ellysium.es\/wp-content\/uploads\/2025\/03\/In-Blue-128-12x12.png 12w\" sizes=\"auto, (max-width: 128px) 100vw, 128px\" \/><\/a><\/figure>\n<\/div>\n<\/div>\n\n\n\n<div class=\"wp-block-column is-layout-flow wp-block-column-is-layout-flow\">\n<figure class=\"wp-block-image size-full is-style-rounded is-style-rounded--6\"><img loading=\"lazy\" decoding=\"async\" width=\"6000\" height=\"3375\" src=\"https:\/\/www.ellysium.es\/wp-content\/uploads\/2024\/01\/9.png\" alt=\"\" class=\"wp-image-259\" style=\"aspect-ratio:1;object-fit:cover\" srcset=\"https:\/\/www.ellysium.es\/wp-content\/uploads\/2024\/01\/9.png 6000w, https:\/\/www.ellysium.es\/wp-content\/uploads\/2024\/01\/9-300x169.png 300w, https:\/\/www.ellysium.es\/wp-content\/uploads\/2024\/01\/9-1024x576.png 1024w, https:\/\/www.ellysium.es\/wp-content\/uploads\/2024\/01\/9-768x432.png 768w, https:\/\/www.ellysium.es\/wp-content\/uploads\/2024\/01\/9-1536x864.png 1536w, https:\/\/www.ellysium.es\/wp-content\/uploads\/2024\/01\/9-2048x1152.png 2048w, https:\/\/www.ellysium.es\/wp-content\/uploads\/2024\/01\/9-18x10.png 18w\" sizes=\"auto, (max-width: 6000px) 100vw, 6000px\" \/><\/figure>\n\n\n\n<div class=\"wp-block-group is-vertical is-content-justification-center is-nowrap is-layout-flex wp-container-core-group-is-layout-21d4e958 wp-block-group-is-layout-flex\">\n<p class=\"has-text-align-center has-small-font-size\"><strong>Gloria Garc\u00eda<\/strong><\/p>\n\n\n\n<p class=\"has-text-align-center has-small-font-size\">Operations Director<\/p>\n\n\n\n<figure class=\"wp-block-image size-full is-resized\"><a href=\"https:\/\/www.linkedin.com\/in\/gloria-garc%C3%ADa-garc%C3%ADa-chinchilla\/\" target=\"_blank\" rel=\" noreferrer noopener\"><img loading=\"lazy\" decoding=\"async\" width=\"128\" height=\"128\" src=\"https:\/\/www.ellysium.es\/wp-content\/uploads\/2025\/03\/In-Blue-128.png\" alt=\"\" class=\"wp-image-293\" style=\"width:25px\" srcset=\"https:\/\/www.ellysium.es\/wp-content\/uploads\/2025\/03\/In-Blue-128.png 128w, https:\/\/www.ellysium.es\/wp-content\/uploads\/2025\/03\/In-Blue-128-12x12.png 12w\" sizes=\"auto, (max-width: 128px) 100vw, 128px\" \/><\/a><\/figure>\n<\/div>\n<\/div>\n<\/div>\n<\/div>\n\n\n\n<figure class=\"wp-block-embed is-type-video is-provider-youtube wp-block-embed-youtube wp-embed-aspect-16-9 wp-has-aspect-ratio\"><div class=\"wp-block-embed__wrapper\">\n<iframe loading=\"lazy\" title=\"Junior Empresa UAM: Elysium International Consulting | Programa de Emprendimiento Prototipo UAM\" width=\"500\" height=\"281\" src=\"https:\/\/www.youtube.com\/embed\/XKJzmgjpQug?start=16&#038;feature=oembed\" frameborder=\"0\" allow=\"accelerometer; autoplay; clipboard-write; encrypted-media; gyroscope; picture-in-picture; web-share\" referrerpolicy=\"strict-origin-when-cross-origin\" allowfullscreen><\/iframe>\n<\/div><\/figure>\n\n\n\n<div style=\"height:20px\" aria-hidden=\"true\" class=\"wp-block-spacer\"><\/div>\n\n\n\n<div class=\"wp-block-group has-base-2-background-color has-background has-global-padding is-layout-constrained wp-block-group-is-layout-constrained\">\n<div style=\"height:20px\" aria-hidden=\"true\" class=\"wp-block-spacer\"><\/div>\n\n\n\n<h2 class=\"wp-block-heading has-text-align-center is-style-default has-text-color has-link-color has-xx-large-font-size wp-elements-fa43826147ff23b92fe6b8f2067a3a40\" style=\"color:#23a56b;font-style:normal;font-weight:700\">FAQ<\/h2>\n\n\n\n<details class=\"wp-block-details is-style-default has-contrast-color has-text-color has-medium-font-size is-layout-flow wp-block-details-is-layout-flow\" style=\"border-style:none;border-width:0px\"><summary>What is a Junior Initiative?<\/summary>\n<p>It's a non-profit organization run by university students, seeking to become a Junior Enterprise. Its main objective is to offer practical experience through real-world projects. Unlike a traditional business, its income is reinvested in the training and development of its members, not in generating profit.<\/p>\n<\/details>\n\n\n\n<details class=\"wp-block-details is-layout-flow wp-block-details-is-layout-flow\"><summary>How to become part of Elysium?<\/summary>\n<p>We invite you to follow us on our social media, where we announce all the calls and updates about the selection process.<\/p>\n<\/details>\n\n\n\n<details class=\"wp-block-details is-layout-flow wp-block-details-is-layout-flow\"><summary>How to collaborate with Elysium?<\/summary>\n<p>Contact us through <a href=\"https:\/\/www.ellysium.es\/en\/contacta-con-nosotros\/\" data-type=\"page\" data-id=\"21\">this form<\/a> and we will be happy to explore the best way to establish a collaboration.<\/p>\n<\/details>\n\n\n\n<details class=\"wp-block-details is-layout-flow wp-block-details-is-layout-flow\"><summary>What is JE Europe?<\/summary>\n<p>JE Europe (Junior Enterprises Europe) is the confederation representing Junior Enterprises at the European level. Its mission is to strengthen the movement, connect student entrepreneurs, and promote professional development through real-world projects across the continent.<\/p>\n<\/details>\n\n\n\n<details class=\"wp-block-details is-layout-flow wp-block-details-is-layout-flow\"><summary>What is JE Global?<\/summary>\n<p>JE Global is the international network that connects Junior Enterprises from around the world, promoting global collaboration, knowledge exchange, and entrepreneurial spirit among students from different countries.<\/p>\n<\/details>\n\n\n\n<div style=\"height:20px\" aria-hidden=\"true\" class=\"wp-block-spacer\"><\/div>\n<\/div>\n\n\n\n<p><\/p>","protected":false},"excerpt":{"rendered":"<p>Ellysium es una Junior Iniciativa formada y desarrollada por estudiantes de la Universidad Aut\u00f3noma de Madrid. Est\u00e1 conformada como una consultor\u00eda internacional y nuestro objetivo es ofrecer servicios de excelencia por un precio asequible. Mientras buscamos las mejores soluciones para nuestros clientes, los estudiantes desarrollan sus habilidades, poniendo su conocimiento en pr\u00e1ctica. Conoce a nuestra [&hellip;]<\/p>","protected":false},"author":1,"featured_media":0,"parent":0,"menu_order":0,"comment_status":"closed","ping_status":"open","template":"","meta":{"footnotes":""},"class_list":["post-17","page","type-page","status-publish","hentry"],"_links":{"self":[{"href":"https:\/\/www.ellysium.es\/en\/wp-json\/wp\/v2\/pages\/17","targetHints":{"allow":["GET"]}}],"collection":[{"href":"https:\/\/www.ellysium.es\/en\/wp-json\/wp\/v2\/pages"}],"about":[{"href":"https:\/\/www.ellysium.es\/en\/wp-json\/wp\/v2\/types\/page"}],"author":[{"embeddable":true,"href":"https:\/\/www.ellysium.es\/en\/wp-json\/wp\/v2\/users\/1"}],"replies":[{"embeddable":true,"href":"https:\/\/www.ellysium.es\/en\/wp-json\/wp\/v2\/comments?post=17"}],"version-history":[{"count":38,"href":"https:\/\/www.ellysium.es\/en\/wp-json\/wp\/v2\/pages\/17\/revisions"}],"predecessor-version":[{"id":438,"href":"https:\/\/www.ellysium.es\/en\/wp-json\/wp\/v2\/pages\/17\/revisions\/438"}],"wp:attachment":[{"href":"https:\/\/www.ellysium.es\/en\/wp-json\/wp\/v2\/media?parent=17"}],"curies":[{"name":"wp","href":"https:\/\/api.w.org\/{rel}","templated":true}]}}